{"id":34,"date":"2022-07-20T15:43:21","date_gmt":"2022-07-20T15:43:21","guid":{"rendered":"https:\/\/tracuugiapha.com\/?page_id=34"},"modified":"2022-07-27T09:03:44","modified_gmt":"2022-07-27T09:03:44","slug":"gioi-thieu","status":"publish","type":"page","link":"https:\/\/tracuugiapha.com\/?page_id=34","title":{"rendered":"Gi\u1edbi Thi\u1ec7u"},"content":{"rendered":"\n<p>C\u00f4ng ty TNHH Xu\u1ea5t Nh\u1eadp Kh\u1ea9u Th\u1ee7y S\u1ea3n Tr\u01b0\u1eddng H\u1ea3i &#8211; TRUONGHAI AQUATIC PRODUCTION IMPORT COMPANY LIMITED \u0111\u01b0\u1ee3c th\u00e0nh l\u1eadp t\u1eeb n\u0103m 2018, v\u1edbi ng\u00e0nh ngh\u1ec1 ch\u00ednh l\u00e0 s\u1ea3n xu\u1ea5t kinh doanh, ph\u00e2n ph\u1ed1i c\u00e1c nguy\u00ean li\u1ec7u, th\u00e0nh ph\u1ea9m ph\u1ee5c v\u1ee5 nu\u00f4i tr\u1ed3ng th\u1ee7y s\u1ea3n, nh\u01b0 x\u1eed l\u00fd m\u00f4i tr\u01b0\u1eddng n\u01b0\u1edbc g\u00e2y m\u00e0u, g\u00e2y t\u1ea3o c\u00f3 l\u1ee3i, x\u1eed l\u00fd \u0111\u00e1y, di\u1ec7t khu\u1ea9n., b\u1ed5 sung dinh d\u01b0\u1ee1ng, s\u1ee9c \u0111\u1ec1 kh\u00e1ng cho t\u00f4m, th\u1ee9c \u0103n b\u1ed5 sung cho t\u00f4m c\u00e1&#8230;&#8230;&#8230;&#8230;&#8230;&#8230;&#8230;&#8230;&#8230;&#8230;&#8230;&#8230;&#8230;&#8230;&#8230;&#8230;&#8230;&#8230;&#8230;&#8230;&#8230;&#8230;&#8230;&#8230;&#8230;&#8230;&#8230;&#8230;&#8230;&#8230;&#8230;&#8230;&#8230;&#8230;&#8230;&#8230;&#8230;.<\/p>\n\n\n\n<figure class=\"wp-block-image size-large\"><img loading=\"lazy\" decoding=\"async\" width=\"1024\" height=\"776\" src=\"https:\/\/tracuugiapha.com\/wp-content\/uploads\/2022\/07\/CATALOGUE-TRUONG-HAI-05.11.2018-1--1024x776.jpg\" alt=\"\" class=\"wp-image-133\" srcset=\"https:\/\/tracuugiapha.com\/wp-content\/uploads\/2022\/07\/CATALOGUE-TRUONG-HAI-05.11.2018-1--1024x776.jpg 1024w, https:\/\/tracuugiapha.com\/wp-content\/uploads\/2022\/07\/CATALOGUE-TRUONG-HAI-05.11.2018-1--300x227.jpg 300w, https:\/\/tracuugiapha.com\/wp-content\/uploads\/2022\/07\/CATALOGUE-TRUONG-HAI-05.11.2018-1--768x582.jpg 768w, https:\/\/tracuugiapha.com\/wp-content\/uploads\/2022\/07\/CATALOGUE-TRUONG-HAI-05.11.2018-1--1536x1164.jpg 1536w, https:\/\/tracuugiapha.com\/wp-content\/uploads\/2022\/07\/CATALOGUE-TRUONG-HAI-05.11.2018-1--2048x1553.jpg 2048w\" sizes=\"auto, (max-width: 1024px) 100vw, 1024px\" \/><\/figure>\n","protected":false},"excerpt":{"rendered":"<p>C\u00f4ng ty TNHH Xu\u1ea5t Nh\u1eadp Kh\u1ea9u Th\u1ee7y S\u1ea3n Tr\u01b0\u1eddng H\u1ea3i &#8211; TRUONGHAI AQUATIC PRODUCTION IMPORT COMPANY LIMITED \u0111\u01b0\u1ee3c th\u00e0nh l\u1eadp t\u1eeb n\u0103m 2018, v\u1edbi ng\u00e0nh ngh\u1ec1 ch\u00ednh l\u00e0 s\u1ea3n xu\u1ea5t kinh doanh, ph\u00e2n ph\u1ed1i c\u00e1c nguy\u00ean li\u1ec7u, th\u00e0nh ph\u1ea9m ph\u1ee5c v\u1ee5 nu\u00f4i tr\u1ed3ng th\u1ee7y s\u1ea3n, nh\u01b0 x\u1eed l\u00fd m\u00f4i tr\u01b0\u1eddng n\u01b0\u1edbc g\u00e2y m\u00e0u, g\u00e2y t\u1ea3o [&hellip;]<\/p>\n","protected":false},"author":1,"featured_media":0,"parent":0,"menu_order":0,"comment_status":"closed","ping_status":"closed","template":"","meta":{"_regular_price":[],"currency_symbol":[],"om_disable_all_campaigns":false,"_monsterinsights_skip_tracking":false,"_monsterinsights_sitenote_active":false,"_monsterinsights_sitenote_note":"","_monsterinsights_sitenote_category":0,"footnotes":""},"class_list":["post-34","page","type-page","status-publish","hentry"],"aioseo_notices":[],"post_slider_layout_featured_media_urls":{"thumbnail":"","post_slider_layout_landscape_large":"","post_slider_layout_portrait_large":"","post_slider_layout_square_large":"","post_slider_layout_landscape":"","post_slider_layout_portrait":"","post_slider_layout_square":"","full":""},"_hostinger_reach_plugin_has_subscription_block":false,"_hostinger_reach_plugin_is_elementor":false,"_links":{"self":[{"href":"https:\/\/tracuugiapha.com\/index.php?rest_route=\/wp\/v2\/pages\/34","targetHints":{"allow":["GET"]}}],"collection":[{"href":"https:\/\/tracuugiapha.com\/index.php?rest_route=\/wp\/v2\/pages"}],"about":[{"href":"https:\/\/tracuugiapha.com\/index.php?rest_route=\/wp\/v2\/types\/page"}],"author":[{"embeddable":true,"href":"https:\/\/tracuugiapha.com\/index.php?rest_route=\/wp\/v2\/users\/1"}],"replies":[{"embeddable":true,"href":"https:\/\/tracuugiapha.com\/index.php?rest_route=%2Fwp%2Fv2%2Fcomments&post=34"}],"version-history":[{"count":3,"href":"https:\/\/tracuugiapha.com\/index.php?rest_route=\/wp\/v2\/pages\/34\/revisions"}],"predecessor-version":[{"id":135,"href":"https:\/\/tracuugiapha.com\/index.php?rest_route=\/wp\/v2\/pages\/34\/revisions\/135"}],"wp:attachment":[{"href":"https:\/\/tracuugiapha.com\/index.php?rest_route=%2Fwp%2Fv2%2Fmedia&parent=34"}],"curies":[{"name":"wp","href":"https:\/\/api.w.org\/{rel}","templated":true}]}}